{"id":23876,"date":"2024-07-05T14:20:13","date_gmt":"2024-07-05T12:20:13","guid":{"rendered":"https:\/\/lecomptoirandco.fr\/?page_id=23876"},"modified":"2025-02-26T05:48:05","modified_gmt":"2025-02-26T04:48:05","slug":"privacy-policy","status":"publish","type":"page","link":"https:\/\/lecomptoirandco.fr\/en\/privacy-policy\/","title":{"rendered":"Privacy Policy"},"content":{"rendered":"\n<p><\/p>\n\n\n\n<p>Le site internet accessible \u00e0 l\u2019adresse suivante&nbsp;https:\/\/<a href=\"https:\/\/lecomptoirandco.fr\/\">lecomptoirandco.fr <\/a>ci-apr\u00e8s le \u00ab&nbsp;<strong>Site<\/strong>&nbsp;\u00bb) est \u00e9dit\u00e9 par la soci\u00e9t\u00e9 Le Comptoir &amp; Co (ci-apr\u00e8s \u00ab Le Comptoir &amp; Co&nbsp;\u00bb).<\/p>\n\n\n\n<p>&nbsp;La soci\u00e9t\u00e9 Le Comptoir &amp; Co \u00e9tant soucieuse du respect des r\u00e8gles relatives \u00e0 la protection des donn\u00e9es personnelles, le Site a \u00e9t\u00e9 d\u00e9velopp\u00e9 en conformit\u00e9 avec le R\u00e8glement g\u00e9n\u00e9ral sur la protection des donn\u00e9es n\u00b02016\/679 (ci-apr\u00e8s d\u00e9sign\u00e9 \u00ab&nbsp;<strong>RGPD<\/strong>&nbsp;\u00bb) et la loi dite \u00ab Informatique et libert\u00e9s \u00bb du 6 janvier 1978 dans sa derni\u00e8re version.<\/p>\n\n\n\n<p>&nbsp;Le Comptoir &amp; Co s\u2019engage \u00e0 ce que vos donn\u00e9es personnelles soient collect\u00e9es de mani\u00e8re licite, loyale et transparente.<\/p>\n\n\n\n<p>Cette politique de protection des donn\u00e9es personnelles est susceptible d\u2019\u00eatre modifi\u00e9e ou compl\u00e9t\u00e9e \u00e0 tout moment, notamment en vue de se conformer \u00e0 une \u00e9ventuelle \u00e9volution l\u00e9gislative ou r\u00e9glementaire.<\/p>\n\n\n\n<p>Cette politique de protection des donn\u00e9es personnelles vous engage d\u00e8s sa mise en ligne. Par cons\u00e9quent, Le Comptoir &amp; Co vous invite \u00e0 la consulter r\u00e9guli\u00e8rement afin de prendre connaissance de ses \u00e9ventuelles modifications.<\/p>\n\n\n\n<p><strong>1. Qui est le responsable des traitements traitant vos donn\u00e9es personnelles sur le Site ?<\/strong><\/p>\n\n\n\n<p>Le responsable du traitement de vos donn\u00e9es personnelles est Le Comptoir &amp; Co, soci\u00e9t\u00e9 par actions simplifi\u00e9e unipersonnelle au capital de 180.000 euros, immatricul\u00e9e au R.C.S de Rouen sous le num\u00e9ro 519 209 357, et ayant son si\u00e8ge social au <strong>19 rue de la R\u00e9publique, 76150 MAROMME<\/strong>.<\/p>\n\n\n\n<p><strong>2. Quelles donn\u00e9es personnelles sont trait\u00e9es ?<\/strong><\/p>\n\n\n\n<p>Dans le cadre de son activit\u00e9 de vente \u00e0 distance, Le Comptoir &amp; Co est amen\u00e9 \u00e0 collecter les donn\u00e9es personnelles suivantes :<\/p>\n\n\n\n<p>&#8211;&nbsp;Les donn\u00e9es personnelles permettant votre identification : nom, pr\u00e9nom, email, t\u00e9l\u00e9phone fixe, t\u00e9l\u00e9phone portable, soci\u00e9t\u00e9.<\/p>\n\n\n\n<p><\/p>\n\n\n\n<p><strong>3. Pourquoi vos donn\u00e9es personnelles sont-elles collect\u00e9es ?<\/strong><\/p>\n\n\n\n<p>Les traitements de donn\u00e9es personnelles mis en \u0153uvre sont juridiquement bas\u00e9s sur l\u2019ex\u00e9cution d\u2019un contrat, les obligations l\u00e9gales qui incombent \u00e0 notre soci\u00e9t\u00e9, sur ses int\u00e9r\u00eats l\u00e9gitimes et le cas \u00e9ch\u00e9ant, sur votre consentement. Lorsque le traitement est fond\u00e9 sur votre consentement, vous avez le droit de le retirer \u00e0 tout moment.<\/p>\n\n\n\n<p>&nbsp;Si vous ne souhaitez pas remplir les champs non marqu\u00e9s comme optionnels, il se peut que vous ne puissiez pas acc\u00e9der \u00e0 certains services du Site et que Le Comptoir &amp; Co soit dans l\u2019impossibilit\u00e9 de r\u00e9pondre \u00e0 votre demande.<\/p>\n\n\n\n<figure class=\"wp-block-table\"><table class=\"has-fixed-layout\"><tbody><tr><td><strong>Bases l\u00e9gales<\/strong><\/td><td><strong>Finalit\u00e9s<\/strong><\/td><\/tr><tr><td>&nbsp;Ex\u00e9cution du contrat<\/td><td>&#8211; Gestion de la relation-client- Gestion des paniers- Ex\u00e9cution des commandes- Gestion des r\u00e9tractations- Gestion des livraisons- Gestion de suivi des commandes-&nbsp; \u00c9tablissement des factures- Gestion de la comptabilit\u00e9<\/td><\/tr><tr><td>&nbsp;Consentement<\/td><td>&#8211; Adh\u00e9sion \u00e0 la newsletter- Prospection commerciale par courrier \u00e9lectronique y compris la prospection commerciale cibl\u00e9e- Transmission des donn\u00e9es personnelles \u00e0 des partenaires commerciaux- Participation \u00e0 des jeux-concours ou loteries- R\u00e9pondre \u00e0 des enqu\u00eates de satisfaction- Recueil et publication de t\u00e9moignages et d&#8217;avis<\/td><\/tr><tr><td>&nbsp;Int\u00e9r\u00eats l\u00e9gitimes de Le Comptoir &amp; Co :&nbsp;&#8211; Mieux conna\u00eetre sa client\u00e8le et leur proposer des offres adapt\u00e9es, selon elle, \u00e0 leurs int\u00e9r\u00eats ;&nbsp;&#8211; D\u00e9velopper sa client\u00e8le ;&nbsp;&#8211; S\u00e9curiser son Site et prot\u00e9ger son image.<\/td><td>&#8211; \u00c9laboration de statistiques, analyses et enqu\u00eates commerciales- Gestion d&#8217;op\u00e9rations techniques de prospection (dont notamment les op\u00e9rations techniques comme la normalisation, l&#8217;enrichissement et la d\u00e9duplication)- S\u00e9lection de personnes par profil pour r\u00e9aliser des actions de fid\u00e9lisation, de prospection, de sondage, de test produit et de promotion- Cession, location ou \u00e9change de fichiers client\/prospect- Pr\u00e9vention des fraudes et gestion des mesures de s\u00e9curit\u00e9 des comptes- Gestion des avis et commentaires sur les produits- Gestion des impay\u00e9s et du contentieux<\/td><\/tr><tr><td>&nbsp;Obligations l\u00e9gales<\/td><td>&#8211; Gestion des demandes d&#8217;exercice de droits (droit d&#8217;acc\u00e8s, droit d&#8217;opposition, droit \u00e0 la limitation du traitement&#8230;)- Conservation de la preuve des consentements obtenus- Mise \u00e0 jour des fichiers de prospection par l&#8217;organisme en charge de la gestion de la liste d&#8217;opposition au d\u00e9marchage t\u00e9l\u00e9phonique<\/td><\/tr><\/tbody><\/table><\/figure>\n\n\n\n<p><strong>4. Quels sont les destinataires de vos donn\u00e9es personnelles ?&nbsp;<\/strong><\/p>\n\n\n\n<p>Les donn\u00e9es personnelles sont trait\u00e9es, dans la limite de leurs attributions, par :<\/p>\n\n\n\n<p>&#8211;&nbsp;Le personnel autoris\u00e9 notre soci\u00e9t\u00e9.<\/p>\n\n\n\n<p>&#8211; Des prestataires externes en charge de la mise en \u0153uvre des traitements de donn\u00e9es personnelles ou dans le cadre de missions de conseils et d\u2019assistance de notre soci\u00e9t\u00e9. Dans cette hypoth\u00e8se, Le Comptoir &amp; Co prend le soin d\u2019encadrer les contrats de sous-traitance qui la lient \u00e0 ses sous-traitants, conform\u00e9ment aux dispositions l\u00e9gales et r\u00e9glementaires ;<\/p>\n\n\n\n<p>&#8211; Les auxiliaires de justice et les officiers minist\u00e9riels dans le cadre de leur mission d\u2019assistance juridique et de repr\u00e9sentation en justice en cas de contentieux ;<\/p>\n\n\n\n<p>&#8211; Les autorit\u00e9s judiciaires ;<\/p>\n\n\n\n<p>&#8211; Toute personne physique ou morale habilit\u00e9e par une d\u00e9cision de justice ayant force ex\u00e9cutoire ;<\/p>\n\n\n\n<p>&#8211; L\u2019organisme en charge de la gestion de la liste d\u2019opposition au d\u00e9marchage t\u00e9l\u00e9phonique ;<\/p>\n\n\n\n<p>&#8211; Les partenaires commerciaux de notre soci\u00e9t\u00e9 si vous l\u2019avez express\u00e9ment accept\u00e9 ;<\/p>\n\n\n\n<p>&#8211; L\u2019organisme en charge de la gestion de la liste d\u2019opposition au d\u00e9marchage t\u00e9l\u00e9phonique quand le num\u00e9ro de t\u00e9l\u00e9phone est collect\u00e9 \u00e0 des fins de prospection commerciale.<\/p>\n\n\n\n<p><strong>5. Combien de temps sont conserv\u00e9es vos donn\u00e9es personnelles ?<\/strong><\/p>\n\n\n\n<p>Vos donn\u00e9es personnelles sont conserv\u00e9es pendant une dur\u00e9e n\u2019exc\u00e9dant pas celle n\u00e9cessaire au regard des finalit\u00e9s pour lesquelles elles sont trait\u00e9es, puis sont supprim\u00e9es.<\/p>\n\n\n\n<p>Les principales dur\u00e9es de conservation sont les suivantes :<\/p>\n\n\n\n<figure class=\"wp-block-table\"><table class=\"has-fixed-layout\"><tbody><tr><td><strong>Finalit\u00e9s<\/strong><\/td><td><strong>Dur\u00e9es de conservation<\/strong><\/td><\/tr><tr><td>&nbsp;Ex\u00e9cution des commandes, livraisons, r\u00e9tractations<\/td><td>&nbsp;5 ans \u00e0 compter de la formation du contrat<\/td><\/tr><tr><td>&nbsp;Gestion des factures<\/td><td>&nbsp;5 ans \u00e0 compter de l&#8217;envoi de la facture<\/td><\/tr><tr><td>&nbsp;Prospection commerciale<\/td><td>&nbsp;3 ans \u00e0 compter du dernier contact<\/td><\/tr><tr><td>&nbsp;Gestion des contentieux<\/td><td>&nbsp;Dur\u00e9e de l&#8217;acquisition de la prescription l\u00e9gale&nbsp;En cas d&#8217;engagement d&#8217;une action en justice, conservation des donn\u00e9es jusqu&#8217;\u00e0 5 ans apr\u00e8s la fin de la proc\u00e9dure judiciaire (quand une d\u00e9cision est devenue d\u00e9finitive)<\/td><\/tr><tr><td>Cookies<\/td><td>&nbsp;6 mois<\/td><\/tr><\/tbody><\/table><\/figure>\n\n\n\n<p><strong>6. Comment les offres cibl\u00e9es qui vous sont propos\u00e9es fonctionnent-elles ?<\/strong><strong><\/strong><\/p>\n\n\n\n<p>Vous \u00eates inform\u00e9(e) que la soci\u00e9t\u00e9 Le Comptoir &amp; Co peut vous proposer des offres et des informations personnalis\u00e9es qui, au regard des produits achet\u00e9s ou consult\u00e9s, devraient, selon Le Comptoir &amp; Co, vous int\u00e9resser.<\/p>\n\n\n\n<p>Vous avez la possibilit\u00e9 de vous opposer au traitement \u00e0 tout moment conform\u00e9ment \u00e0 l\u2019article 8 de la pr\u00e9sente politique.<\/p>\n\n\n\n<p><strong>7. Vos donn\u00e9es personnelles sont-elles transf\u00e9r\u00e9es en dehors de l&#8217;Union Europ\u00e9enne ?<\/strong><\/p>\n\n\n\n<p>Vos donn\u00e9es personnelles peuvent faire l\u2019objet d\u2019un transfert en dehors de l\u2019Union Europ\u00e9enne dans le cadre de la r\u00e9alisation de prestations par des sous-traitants de Le Comptoir &amp; Co. Dans cette hypoth\u00e8se, la soci\u00e9t\u00e9 Le Comptoir &amp; Co prend le soin d\u2019encadrer les contrats qui la lient \u00e0 ces derniers, suivant les dispositions l\u00e9gales et r\u00e9glementaires.<\/p>\n\n\n\n<p>&nbsp;Ces transferts sont notamment encadr\u00e9s par des garanties appropri\u00e9es afin d\u2019en assurer la s\u00e9curit\u00e9. Ainsi ces derniers peuvent \u00eatre fond\u00e9s sur une d\u00e9cision d\u2019ad\u00e9quation de la Commission Europ\u00e9enne relative au niveau de protection des donn\u00e9es d\u2019un pays.<\/p>\n\n\n\n<p>En l\u2019absence de d\u00e9cision d\u2019ad\u00e9quation, les transferts sont encadr\u00e9s par le respect de clauses types de protection des donn\u00e9es approuv\u00e9es par la Commission Europ\u00e9enne.<\/p>\n\n\n\n<p><strong>8. Quels sont vos droits ?<\/strong><\/p>\n\n\n\n<p>Conform\u00e9ment \u00e0 la r\u00e9glementation en vigueur en mati\u00e8re de protection des donn\u00e9es personnelles, vous disposez d\u2019un droit d&#8217;acc\u00e8s, de rectification, d\u2019effacement des donn\u00e9es personnelles qui vous concerne ainsi que d\u2019un droit \u00e0 la limitation des traitements et un droit d\u2019opposition aux traitements, d\u2019un droit \u00e0 la portabilit\u00e9 de vos donn\u00e9es et du droit de d\u00e9finir des directives relatives \u00e0 la conservation, \u00e0 l&#8217;effacement et \u00e0 la communication de vos donn\u00e9es personnelles apr\u00e8s votre d\u00e9c\u00e8s.<\/p>\n\n\n\n<p>&nbsp;Vous pouvez vous opposer sans frais \u00e0 ce que vos donn\u00e9es personnelles soient collect\u00e9es et trait\u00e9es par www.unjouruneepice.com Vous pouvez exercer vos droits en adressant un courrier \u00e0&nbsp;<a>Le Comptoir &amp; Co, <\/a><strong>8 avenue Paul Delorme, 76120 Le Grand-Quevilly<\/strong>.&nbsp;Un justificatif d\u2019identit\u00e9 pourra vous \u00eatre demand\u00e9.<\/p>\n\n\n\n<p>L\u2019exercice de l\u2019un de vos droits peut vous \u00eatre refus\u00e9 si votre demande ne remplit pas les conditions pos\u00e9es par la pr\u00e9sente politique ou par la r\u00e9glementation en vigueur. Dans cette hypoth\u00e8se, vous en serez d\u00fbment averti(e).<\/p>\n\n\n\n<p>Par ailleurs, vous \u00eates inform\u00e9(e) de l\u2019existence de la liste d&#8217;opposition au d\u00e9marchage t\u00e9l\u00e9phonique \u00ab Bloctel \u00bb, sur laquelle vous pouvez vous inscrire :&nbsp;<a href=\"https:\/\/www.bloctel.gouv.fr\/\"><strong>https:\/\/www.bloctel.gouv.fr\/<\/strong><\/a><\/p>\n\n\n\n<p>&nbsp;En cas de r\u00e9clamation, vous disposez du droit de saisir la CNIL \u00e0 l\u2019adresse suivante : 3 Place de Fontenoy &#8211; TSA 80715 &#8211; 75334 PARIS CEDEX, si vous estimez que le traitement de vos donn\u00e9es n\u2019est pas conforme aux dispositions l\u00e9gales et r\u00e9glementaires applicables.<\/p>\n\n\n\n<p><strong>9. Comment la s\u00e9curit\u00e9 et la confidentialit\u00e9 de vos donn\u00e9es personnelle est-elle assur\u00e9e ?<\/strong><\/p>\n\n\n\n<p>Le Comptoir &amp; Co a mis en place des mesures de protection pour assurer la s\u00e9curit\u00e9 et l\u2019int\u00e9grit\u00e9 des donn\u00e9es personnelles. L\u2019acc\u00e8s \u00e0 ces donn\u00e9es personnelles est restreint aux salari\u00e9s habilit\u00e9s \u00e0 conna\u00eetre vos donn\u00e9es en raison de leur&nbsp;<a>fonction<\/a>.Afin de vous assurer une navigation et une s\u00e9curisation des donn\u00e9es en HTTPS, le nom de domaine&nbsp;<strong><a href=\"http:\/\/www.unjouruneepice.com\/\">www.unjouruneepice.com<\/a><\/strong>&nbsp;est certifi\u00e9 norme SSL. L\u2019ensemble de du Site est s\u00e9curis\u00e9 et l\u2019ensemble des donn\u00e9es qui y sont collect\u00e9es aussi.<strong><\/strong><\/p>\n\n\n\n<p><strong>10. Comment accepter ou refuser les cookies ?<\/strong><\/p>\n\n\n\n<p>Lors de votre navigation sur le Site, des cookies peuvent \u00eatre d\u00e9pos\u00e9s sur votre terminal (ordinateur, mobile, tablette), sous r\u00e9serve des choix que vous aurez exprim\u00e9s et que vous pourrez modifier \u00e0 tout moment.<\/p>\n\n\n\n<p>Un cookie est un petit fichier texte contenant des informations relatives \u00e0 la navigation sur un site internet, dont le principal objectif est d\u2019am\u00e9liorer sa consultation et de permettre d\u2019adresser des services personnalis\u00e9s.<\/p>\n\n\n\n<p>Certains de ces outils de suivi de navigation ne sont utilis\u00e9s que pour des fins strictement n\u00e9cessaires au fonctionnement du Site et sont, en cons\u00e9quence exempt\u00e9s de consentement, car ils sont n\u00e9cessaires pour garantir l\u2019acc\u00e8s et le fonctionnement stable du Site. D\u2019autres sont soumis \u00e0 votre consentement.<\/p>\n\n\n\n<p>Sur l\u2019ordinateur, les cookies sont g\u00e9r\u00e9s par le navigateur internet.<\/p>\n\n\n\n<p>Ces cookies peuvent \u00eatre de session (dans ce cas, le cookie sera automatiquement supprim\u00e9 lors de la fermeture du navigateur) ou persistants (dans ce cas, le cookie restera stock\u00e9 dans le terminal jusqu\u2019\u00e0 sa date d\u2019expiration).<\/p>\n\n\n\n<p>Il est possible, \u00e0 tout moment, de modifier votre choix de cookies en cliquant sur l\u2019ic\u00f4ne cookies en bas \u00e0 gauche du Site.<\/p>\n\n\n\n<p>Par ailleurs, il est \u00e9galement possible de configurer votre navigateur de mani\u00e8re \u00e0 ce que les cookies soient enregistr\u00e9s dans le terminal ou rejet\u00e9s, soit syst\u00e9matiquement, soit selon leur \u00e9metteur, ou pour \u00eatre inform\u00e9(e) au moment o\u00f9 un cookie est enregistr\u00e9 dans le terminal, afin de permettre de l\u2019accepter ou le refuser.<\/p>\n\n\n\n<p>La suppression de tous les cookies&nbsp;utilis\u00e9s par le navigateur, y compris ceux employ\u00e9s par d\u2019autres sites web, peut conduire \u00e0 l\u2019alt\u00e9ration ou \u00e0 la perte de certains r\u00e9glages ou informations.<\/p>\n\n\n\n<p>La configuration de chaque navigateur est diff\u00e9rente. Il vous appartient de suivre les instructions de l\u2019\u00e9diteur de votre navigateur comme suit (liens disponibles \u00e0 la date de mise \u00e0 jour de cette page) :<\/p>\n\n\n\n<p>&#8211; Internet Explorer :&nbsp;<a href=\"https:\/\/support.microsoft.com\/fr-fr\/windows\/supprimer-et-g%C3%A9rer-les-cookies-168dab11-0753-043d-7c16-ede5947fc64d\"><strong>https:\/\/support.microsoft.com\/fr-fr\/windows\/supprimer-et-g%C3%A9rer-les-cookies-168dab11-0753-043d-7c16-ede5947fc64d<\/strong><\/a><\/p>\n\n\n\n<p>&#8211; Safari :&nbsp;<strong><a href=\"https:\/\/support.apple.com\/fr-fr\/guide\/safari\/sfri11471\/mac\">https:\/\/support.apple.com\/fr-fr\/guide\/safari\/sfri11471\/mac<\/a><\/strong><\/p>\n\n\n\n<p>&#8211; Chrome :&nbsp;<a href=\"https:\/\/support.google.com\/accounts\/answer\/61416?hl=fr&amp;co=GENIE.Platform%3DDesktop#:~:text=Dans%20Chrome,Sur%20votre%20ordinateur%2C%20ouvrez%20Chrome.&amp;text=Param%C3%A8tres.,Cliquez%20sur%20Cookies.\"><strong>https:\/\/support.google.com\/accounts\/answer\/61416?hl=fr&amp;co=GENIE.Platform%3DDesktop#:~:text=Dans%20Chrome,Sur%20votre%20ordinateur%2C%20ouvrez%20Chrome.&amp;text=Param%C3%A8tres.,Cliquez%20sur%20Cookies.<\/strong><\/a><\/p>\n\n\n\n<p>&#8211; Opera :&nbsp;<a href=\"https:\/\/help.opera.com\/en\/latest\/web-preferences\/#cookies\"><strong>https:\/\/help.opera.com\/en\/latest\/web-preferences\/#cookies<\/strong><\/a><\/p>\n\n\n\n<p>Pour plus d\u2019informations concernant le traitement de vos donn\u00e9es personnelles par le biais de ces cookies, veuillez consulter le site de la&nbsp;<strong><a href=\"https:\/\/www.cnil.fr\/fr\/cookies-et-autres-traceurs\/comment-se-proteger\/maitriser-votre-navigateur\">CNIL<\/a>.<\/strong><strong class=\"privacy-policy-tutorial\">Texte sugg\u00e9r\u00e9&nbsp;: <\/strong>L\u2019adresse de notre site est&nbsp;: https:\/\/lecomptoirandco.fr.<\/p>\n\n\n\n<p><\/p>\n","protected":false},"excerpt":{"rendered":"<p>Le site internet accessible \u00e0 l\u2019adresse suivante&nbsp;https:\/\/lecomptoirandco.fr ci-apr\u00e8s le \u00ab&nbsp;Site&nbsp;\u00bb) est \u00e9dit\u00e9 par la soci\u00e9t\u00e9 Le Comptoir &amp; Co (ci-apr\u00e8s \u00ab Le Comptoir &amp; Co&nbsp;\u00bb). &nbsp;La soci\u00e9t\u00e9 Le Comptoir &amp; Co \u00e9tant soucieuse du respect des r\u00e8gles relatives \u00e0 la protection des donn\u00e9es personnelles, le Site a \u00e9t\u00e9 d\u00e9velopp\u00e9 en conformit\u00e9 avec le R\u00e8glement g\u00e9n\u00e9ral [&hellip;]<\/p>\n","protected":false},"author":1,"featured_media":0,"parent":0,"menu_order":0,"comment_status":"closed","ping_status":"closed","template":"","meta":{"footnotes":""},"class_list":["post-23876","page","type-page","status-publish","hentry"],"yoast_head":"<!-- This site is optimized with the Yoast SEO plugin v24.2 - https:\/\/yoast.com\/wordpress\/plugins\/seo\/ -->\n<title>Privacy Policy &#8226; Le Comptoir &amp; Co<\/title>\n<meta name=\"robots\" content=\"index, follow, max-snippet:-1, max-image-preview:large, max-video-preview:-1\" \/>\n<link rel=\"canonical\" href=\"https:\/\/lecomptoirandco.fr\/en\/privacy-policy\/\" \/>\n<meta property=\"og:locale\" content=\"en_US\" \/>\n<meta property=\"og:type\" content=\"article\" \/>\n<meta property=\"og:title\" content=\"Privacy Policy &#8226; Le Comptoir &amp; Co\" \/>\n<meta property=\"og:description\" content=\"Le site internet accessible \u00e0 l\u2019adresse suivante&nbsp;https:\/\/lecomptoirandco.fr ci-apr\u00e8s le \u00ab&nbsp;Site&nbsp;\u00bb) est \u00e9dit\u00e9 par la soci\u00e9t\u00e9 Le Comptoir &amp; Co (ci-apr\u00e8s \u00ab Le Comptoir &amp; Co&nbsp;\u00bb). &nbsp;La soci\u00e9t\u00e9 Le Comptoir &amp; Co \u00e9tant soucieuse du respect des r\u00e8gles relatives \u00e0 la protection des donn\u00e9es personnelles, le Site a \u00e9t\u00e9 d\u00e9velopp\u00e9 en conformit\u00e9 avec le R\u00e8glement g\u00e9n\u00e9ral [&hellip;]\" \/>\n<meta property=\"og:url\" content=\"https:\/\/lecomptoirandco.fr\/en\/privacy-policy\/\" \/>\n<meta property=\"og:site_name\" content=\"Le Comptoir &amp; Co\" \/>\n<meta property=\"article:modified_time\" content=\"2025-02-26T04:48:05+00:00\" \/>\n<meta property=\"og:image\" content=\"https:\/\/lecomptoirandco.fr\/wp-content\/uploads\/2024\/11\/LOGO-COMPTOIR-CO-DEF-VECTO.png\" \/>\n\t<meta property=\"og:image:width\" content=\"600\" \/>\n\t<meta property=\"og:image:height\" content=\"600\" \/>\n\t<meta property=\"og:image:type\" content=\"image\/png\" \/>\n<meta name=\"twitter:card\" content=\"summary_large_image\" \/>\n<meta name=\"twitter:label1\" content=\"Est. reading time\" \/>\n\t<meta name=\"twitter:data1\" content=\"9 minutes\" \/>\n<script type=\"application\/ld+json\" class=\"yoast-schema-graph\">{\"@context\":\"https:\/\/schema.org\",\"@graph\":[{\"@type\":\"WebPage\",\"@id\":\"https:\/\/lecomptoirandco.fr\/en\/privacy-policy\/\",\"url\":\"https:\/\/lecomptoirandco.fr\/en\/privacy-policy\/\",\"name\":\"Privacy Policy &#8226; Le Comptoir &amp; Co\",\"isPartOf\":{\"@id\":\"https:\/\/lecomptoirandco.fr\/en\/#website\"},\"datePublished\":\"2024-07-05T12:20:13+00:00\",\"dateModified\":\"2025-02-26T04:48:05+00:00\",\"breadcrumb\":{\"@id\":\"https:\/\/lecomptoirandco.fr\/en\/privacy-policy\/#breadcrumb\"},\"inLanguage\":\"en-US\",\"potentialAction\":[{\"@type\":\"ReadAction\",\"target\":[\"https:\/\/lecomptoirandco.fr\/en\/privacy-policy\/\"]}]},{\"@type\":\"BreadcrumbList\",\"@id\":\"https:\/\/lecomptoirandco.fr\/en\/privacy-policy\/#breadcrumb\",\"itemListElement\":[{\"@type\":\"ListItem\",\"position\":1,\"name\":\"Accueil\",\"item\":\"https:\/\/lecomptoirandco.fr\/en\/\"},{\"@type\":\"ListItem\",\"position\":2,\"name\":\"Privacy Policy\"}]},{\"@type\":\"WebSite\",\"@id\":\"https:\/\/lecomptoirandco.fr\/en\/#website\",\"url\":\"https:\/\/lecomptoirandco.fr\/en\/\",\"name\":\"Le Comptoir &amp; Co\",\"description\":\"Le comptoir and co - Grossiste - Distributeur - Fabricant d&#039;\u00e9pices\",\"publisher\":{\"@id\":\"https:\/\/lecomptoirandco.fr\/en\/#organization\"},\"alternateName\":\"Le comptoir and co\",\"potentialAction\":[{\"@type\":\"SearchAction\",\"target\":{\"@type\":\"EntryPoint\",\"urlTemplate\":\"https:\/\/lecomptoirandco.fr\/en\/?s={search_term_string}\"},\"query-input\":{\"@type\":\"PropertyValueSpecification\",\"valueRequired\":true,\"valueName\":\"search_term_string\"}}],\"inLanguage\":\"en-US\"},{\"@type\":\"Organization\",\"@id\":\"https:\/\/lecomptoirandco.fr\/en\/#organization\",\"name\":\"Le Comptoir & Co\",\"alternateName\":\"Le comptoir and co\",\"url\":\"https:\/\/lecomptoirandco.fr\/en\/\",\"logo\":{\"@type\":\"ImageObject\",\"inLanguage\":\"en-US\",\"@id\":\"https:\/\/lecomptoirandco.fr\/en\/#\/schema\/logo\/image\/\",\"url\":\"https:\/\/lecomptoirandco.fr\/wp-content\/uploads\/2024\/11\/cropped-LOGO-COMPTOIR-CO-DEF-VECTO.png\",\"contentUrl\":\"https:\/\/lecomptoirandco.fr\/wp-content\/uploads\/2024\/11\/cropped-LOGO-COMPTOIR-CO-DEF-VECTO.png\",\"width\":512,\"height\":512,\"caption\":\"Le Comptoir & Co\"},\"image\":{\"@id\":\"https:\/\/lecomptoirandco.fr\/en\/#\/schema\/logo\/image\/\"},\"sameAs\":[\"https:\/\/www.linkedin.com\/company\/le-comptoir-and-co\/\"]}]}<\/script>\n<!-- \/ Yoast SEO plugin. -->","yoast_head_json":{"title":"Privacy Policy &#8226; Le Comptoir &amp; Co","robots":{"index":"index","follow":"follow","max-snippet":"max-snippet:-1","max-image-preview":"max-image-preview:large","max-video-preview":"max-video-preview:-1"},"canonical":"https:\/\/lecomptoirandco.fr\/en\/privacy-policy\/","og_locale":"en_US","og_type":"article","og_title":"Privacy Policy &#8226; Le Comptoir &amp; Co","og_description":"Le site internet accessible \u00e0 l\u2019adresse suivante&nbsp;https:\/\/lecomptoirandco.fr ci-apr\u00e8s le \u00ab&nbsp;Site&nbsp;\u00bb) est \u00e9dit\u00e9 par la soci\u00e9t\u00e9 Le Comptoir &amp; Co (ci-apr\u00e8s \u00ab Le Comptoir &amp; Co&nbsp;\u00bb). &nbsp;La soci\u00e9t\u00e9 Le Comptoir &amp; Co \u00e9tant soucieuse du respect des r\u00e8gles relatives \u00e0 la protection des donn\u00e9es personnelles, le Site a \u00e9t\u00e9 d\u00e9velopp\u00e9 en conformit\u00e9 avec le R\u00e8glement g\u00e9n\u00e9ral [&hellip;]","og_url":"https:\/\/lecomptoirandco.fr\/en\/privacy-policy\/","og_site_name":"Le Comptoir &amp; Co","article_modified_time":"2025-02-26T04:48:05+00:00","og_image":[{"width":600,"height":600,"url":"https:\/\/lecomptoirandco.fr\/wp-content\/uploads\/2024\/11\/LOGO-COMPTOIR-CO-DEF-VECTO.png","type":"image\/png"}],"twitter_card":"summary_large_image","twitter_misc":{"Est. reading time":"9 minutes"},"schema":{"@context":"https:\/\/schema.org","@graph":[{"@type":"WebPage","@id":"https:\/\/lecomptoirandco.fr\/en\/privacy-policy\/","url":"https:\/\/lecomptoirandco.fr\/en\/privacy-policy\/","name":"Privacy Policy &#8226; Le Comptoir &amp; Co","isPartOf":{"@id":"https:\/\/lecomptoirandco.fr\/en\/#website"},"datePublished":"2024-07-05T12:20:13+00:00","dateModified":"2025-02-26T04:48:05+00:00","breadcrumb":{"@id":"https:\/\/lecomptoirandco.fr\/en\/privacy-policy\/#breadcrumb"},"inLanguage":"en-US","potentialAction":[{"@type":"ReadAction","target":["https:\/\/lecomptoirandco.fr\/en\/privacy-policy\/"]}]},{"@type":"BreadcrumbList","@id":"https:\/\/lecomptoirandco.fr\/en\/privacy-policy\/#breadcrumb","itemListElement":[{"@type":"ListItem","position":1,"name":"Accueil","item":"https:\/\/lecomptoirandco.fr\/en\/"},{"@type":"ListItem","position":2,"name":"Privacy Policy"}]},{"@type":"WebSite","@id":"https:\/\/lecomptoirandco.fr\/en\/#website","url":"https:\/\/lecomptoirandco.fr\/en\/","name":"Le Comptoir &amp; Co","description":"Le comptoir and co - Grossiste - Distributeur - Fabricant d&#039;\u00e9pices","publisher":{"@id":"https:\/\/lecomptoirandco.fr\/en\/#organization"},"alternateName":"Le comptoir and co","potentialAction":[{"@type":"SearchAction","target":{"@type":"EntryPoint","urlTemplate":"https:\/\/lecomptoirandco.fr\/en\/?s={search_term_string}"},"query-input":{"@type":"PropertyValueSpecification","valueRequired":true,"valueName":"search_term_string"}}],"inLanguage":"en-US"},{"@type":"Organization","@id":"https:\/\/lecomptoirandco.fr\/en\/#organization","name":"Le Comptoir & Co","alternateName":"Le comptoir and co","url":"https:\/\/lecomptoirandco.fr\/en\/","logo":{"@type":"ImageObject","inLanguage":"en-US","@id":"https:\/\/lecomptoirandco.fr\/en\/#\/schema\/logo\/image\/","url":"https:\/\/lecomptoirandco.fr\/wp-content\/uploads\/2024\/11\/cropped-LOGO-COMPTOIR-CO-DEF-VECTO.png","contentUrl":"https:\/\/lecomptoirandco.fr\/wp-content\/uploads\/2024\/11\/cropped-LOGO-COMPTOIR-CO-DEF-VECTO.png","width":512,"height":512,"caption":"Le Comptoir & Co"},"image":{"@id":"https:\/\/lecomptoirandco.fr\/en\/#\/schema\/logo\/image\/"},"sameAs":["https:\/\/www.linkedin.com\/company\/le-comptoir-and-co\/"]}]}},"_links":{"self":[{"href":"https:\/\/lecomptoirandco.fr\/en\/wp-json\/wp\/v2\/pages\/23876","targetHints":{"allow":["GET"]}}],"collection":[{"href":"https:\/\/lecomptoirandco.fr\/en\/wp-json\/wp\/v2\/pages"}],"about":[{"href":"https:\/\/lecomptoirandco.fr\/en\/wp-json\/wp\/v2\/types\/page"}],"author":[{"embeddable":true,"href":"https:\/\/lecomptoirandco.fr\/en\/wp-json\/wp\/v2\/users\/1"}],"replies":[{"embeddable":true,"href":"https:\/\/lecomptoirandco.fr\/en\/wp-json\/wp\/v2\/comments?post=23876"}],"version-history":[{"count":1,"href":"https:\/\/lecomptoirandco.fr\/en\/wp-json\/wp\/v2\/pages\/23876\/revisions"}],"predecessor-version":[{"id":23877,"href":"https:\/\/lecomptoirandco.fr\/en\/wp-json\/wp\/v2\/pages\/23876\/revisions\/23877"}],"wp:attachment":[{"href":"https:\/\/lecomptoirandco.fr\/en\/wp-json\/wp\/v2\/media?parent=23876"}],"curies":[{"name":"wp","href":"https:\/\/api.w.org\/{rel}","templated":true}]}}